{"id":672,"date":"2017-03-11T14:25:58","date_gmt":"2017-03-11T13:25:58","guid":{"rendered":"http:\/\/ibmueller.com\/?page_id=672"},"modified":"2023-01-31T17:50:20","modified_gmt":"2023-01-31T16:50:20","slug":"das-buero","status":"publish","type":"page","link":"https:\/\/ibmueller.com\/en\/das-buero\/","title":{"rendered":"Standort"},"content":{"rendered":"<div id=\"pl-672\"  class=\"panel-layout\" ><div id=\"pg-672-0\"  class=\"panel-grid panel-no-style\" ><div id=\"pgc-672-0-0\"  class=\"panel-grid-cell\" ><div id=\"panel-672-0-0-0\" class=\"so-panel widget widget_media_image panel-first-child\" data-index=\"0\" ><img loading=\"lazy\" decoding=\"async\" width=\"300\" height=\"255\" src=\"https:\/\/ibmueller.com\/wp-content\/uploads\/2023\/01\/DSC08194_edit01-300x255.jpg\" class=\"image wp-image-1475  attachment-medium size-medium\" alt=\"\" style=\"max-width: 100%; height: auto;\" srcset=\"https:\/\/ibmueller.com\/wp-content\/uploads\/2023\/01\/DSC08194_edit01-300x255.jpg 300w, https:\/\/ibmueller.com\/wp-content\/uploads\/2023\/01\/DSC08194_edit01.jpg 478w\" sizes=\"auto, (max-width: 300px) 100vw, 300px\" \/><\/div><div id=\"panel-672-0-0-1\" class=\"so-panel widget widget_text panel-last-child\" data-index=\"1\" >\t\t\t<div class=\"textwidget\"><p>Foto: Ingenieurb\u00fcro M\u00fcller<\/p>\n<\/div>\n\t\t<\/div><\/div><div id=\"pgc-672-0-1\"  class=\"panel-grid-cell\" ><div id=\"panel-672-0-1-0\" class=\"so-panel widget widget_sow-editor panel-first-child panel-last-child\" data-index=\"2\" ><div\n\t\t\t\n\t\t\tclass=\"so-widget-sow-editor so-widget-sow-editor-base\"\n\t\t\t\n\t\t>\n<div class=\"siteorigin-widget-tinymce textwidget\">\n\t<p>Das Ingenieurb\u00fcro M\u00fcller existiert in seiner heutigen Form seit dem Jahr 1995. Aus wissenschaftlicher sowie aus technischer Sicht und vor dem Hintergrund der hier entstehenden Technologien und Methoden ist der Standort Darmstadt ideal \u2013 hier k\u00f6nnen wir uns als technisches Ingenieurb\u00fcro weiter entwickeln. Die N\u00e4he zur Technischen Universit\u00e4t Darmstadt, zu den Landesbibliotheken, zu den in Darmstadt ans\u00e4ssigen Firmen und Institutionen sowie zu neuen Start-ups erzeugt stets die M\u00f6glichkeit zur Weiterentwicklung unserer ingenieurm\u00e4\u00dfigen Arbeit. Davon profitieren unsere Kunden, die durch uns neue Entwicklungen und neue Verfahren kennenlernen und diese in Zusammenarbeit mit uns in Produkte, Anlagen oder ins Projektmanagement einfliessen lassen k\u00f6nnen. Insbesondere durch die direkte Nachbarschaft zur ESA (European Space Agency) entstanden f\u00fcr uns Innovationen, die wir auch f\u00fcr unsere Kunden einsetzen.<\/p>\n<\/div>\n<\/div><\/div><\/div><\/div><\/div>","protected":false},"excerpt":{"rendered":"<p>Foto: Ingenieurb\u00fcro M\u00fcller Das Ingenieurb\u00fcro M\u00fcller existiert in seiner heutigen Form seit dem Jahr 1995. Aus wissenschaftlicher sowie aus technischer Sicht und vor dem Hintergrund der hier entstehenden Technologien und Methoden ist der Standort Darmstadt ideal \u2013 hier k\u00f6nnen wir uns als technisches Ingenieurb\u00fcro [&hellip;]<\/p>\n","protected":false},"author":1,"featured_media":0,"parent":0,"menu_order":0,"comment_status":"closed","ping_status":"closed","template":"","meta":{"footnotes":""},"class_list":["post-672","page","type-page","status-publish","hentry","post"],"_links":{"self":[{"href":"https:\/\/ibmueller.com\/en\/wp-json\/wp\/v2\/pages\/672","targetHints":{"allow":["GET"]}}],"collection":[{"href":"https:\/\/ibmueller.com\/en\/wp-json\/wp\/v2\/pages"}],"about":[{"href":"https:\/\/ibmueller.com\/en\/wp-json\/wp\/v2\/types\/page"}],"author":[{"embeddable":true,"href":"https:\/\/ibmueller.com\/en\/wp-json\/wp\/v2\/users\/1"}],"replies":[{"embeddable":true,"href":"https:\/\/ibmueller.com\/en\/wp-json\/wp\/v2\/comments?post=672"}],"version-history":[{"count":54,"href":"https:\/\/ibmueller.com\/en\/wp-json\/wp\/v2\/pages\/672\/revisions"}],"predecessor-version":[{"id":1479,"href":"https:\/\/ibmueller.com\/en\/wp-json\/wp\/v2\/pages\/672\/revisions\/1479"}],"wp:attachment":[{"href":"https:\/\/ibmueller.com\/en\/wp-json\/wp\/v2\/media?parent=672"}],"curies":[{"name":"wp","href":"https:\/\/api.w.org\/{rel}","templated":true}]}}