{"id":646,"date":"2017-03-10T22:44:18","date_gmt":"2017-03-10T21:44:18","guid":{"rendered":"http:\/\/ibmueller.com\/?page_id=646"},"modified":"2020-07-08T13:33:32","modified_gmt":"2020-07-08T11:33:32","slug":"impressum","status":"publish","type":"page","link":"https:\/\/ibmueller.com\/en\/impressum\/","title":{"rendered":"Impressum"},"content":{"rendered":"<div id=\"pl-646\"  class=\"panel-layout\" ><div id=\"pg-646-0\"  class=\"panel-grid panel-no-style\" ><div id=\"pgc-646-0-0\"  class=\"panel-grid-cell\" ><div id=\"panel-646-0-0-0\" class=\"so-panel widget widget_sow-editor panel-first-child panel-last-child\" data-index=\"0\" ><div\n\t\t\t\n\t\t\tclass=\"so-widget-sow-editor so-widget-sow-editor-base\"\n\t\t\t\n\t\t>\n<div class=\"siteorigin-widget-tinymce textwidget\">\n\t<p>(gem\u00e4\u00df \u00a7 5 TMG, 55 Abs. 1RStV)<\/p>\n<p>Betreiber der Seite:<\/p>\n<p>Ingenieurb\u00fcro M\u00fcller<br \/>\nMueller Engineering<\/p>\n<p>Dipl.-Ing. J\u00fcrgen W. M\u00fcller<br \/>\nRobert-Bosch-Str. 7<br \/>\n64293 Darmstadt<\/p>\n<p>Telefon 06151-8008985<\/p>\n<p><a href=\"mailto:&#112;o&#115;&#116;&#64;i&#98;&#109;ue&#108;&#108;e&#114;&#46;co&#109;\" class=\"mail-link\">&#112;o&#115;&#116;&#64;i&#98;&#109;&#117;&#101;&#108;le&#114;&#46;&#99;&#111;&#109;<\/a><\/p>\n<p>Umsatzsteuer-Identifikationsnummer gem\u00e4\u00df \u00a7 27 a<br \/>\nUmsatzsteuergesetz: VAT DE 111 547 052<\/p>\n<p>&nbsp;<\/p>\n<p><strong>Inhalte und Haftungsausschluss<\/strong><br \/>\nDie Inhalte unserer Seiten wurden mit gr\u00f6\u00dfter Sorgfalt erstellt. Der Autor \u00fcbernimmt keinerlei Gew\u00e4hr f\u00fcr die Aktualit\u00e4t, Korrektheit, Vollst\u00e4ndigkeit oder Qualit\u00e4t der bereitgestellten Informationen. Haftungsanspr\u00fcche gegen den Autor, welche sich auf Sch\u00e4den materieller oder ideeller Art beziehen, die durch die Nutzung oder Nichtnutzung der dargebotenen Informationen bzw. durch die Nutzung fehlerhafter und unvollst\u00e4ndiger Informationen verursacht wurden sind grunds\u00e4tzlich ausgeschlossen. Alle Angebote sind freibleibend und unverbindlich. Der Autor beh\u00e4lt es sich ausdr\u00fccklich vor, Teile der Seiten oder das gesamte Angebot ohne gesonderte Ank\u00fcndigung zu ver\u00e4ndern, zu erg\u00e4nzen, zu l\u00f6schen oder die Ver\u00f6ffentlichung zeitweise oder endg\u00fcltig einzustellen. Trotz sorgf\u00e4ltiger inhaltlicher Kontrolle \u00fcbernehmen wir keine Haftung f\u00fcr die Inhalte externer Links. F\u00fcr den Inhalt der verlinkten Seiten sind ausschlie\u00dflich deren Betreiber verantwortlich.<\/p>\n<p><strong>Fotos<\/strong><br \/>\n\u00a9 Fotos:\u00a0Fotolia<\/p>\n<\/div>\n<\/div><\/div><\/div><\/div><\/div>","protected":false},"excerpt":{"rendered":"<p>(gem\u00e4\u00df \u00a7 5 TMG, 55 Abs. 1RStV) Betreiber der Seite: Ingenieurb\u00fcro M\u00fcller Mueller Engineering Dipl.-Ing. J\u00fcrgen W. M\u00fcller Robert-Bosch-Str. 7 64293 Darmstadt Telefon 06151-8008985 &#112;o&#115;&#116;&#64;i&#98;&#109;&#117;&#101;&#108;le&#114;&#46;&#99;&#111;&#109; Umsatzsteuer-Identifikationsnummer gem\u00e4\u00df \u00a7 27 a Umsatzsteuergesetz: VAT DE 111 547 052 &nbsp; Inhalte und Haftungsausschluss Die Inhalte unserer Seiten [&hellip;]<\/p>\n","protected":false},"author":1,"featured_media":0,"parent":0,"menu_order":0,"comment_status":"closed","ping_status":"closed","template":"","meta":{"footnotes":""},"class_list":["post-646","page","type-page","status-publish","hentry","post"],"_links":{"self":[{"href":"https:\/\/ibmueller.com\/en\/wp-json\/wp\/v2\/pages\/646","targetHints":{"allow":["GET"]}}],"collection":[{"href":"https:\/\/ibmueller.com\/en\/wp-json\/wp\/v2\/pages"}],"about":[{"href":"https:\/\/ibmueller.com\/en\/wp-json\/wp\/v2\/types\/page"}],"author":[{"embeddable":true,"href":"https:\/\/ibmueller.com\/en\/wp-json\/wp\/v2\/users\/1"}],"replies":[{"embeddable":true,"href":"https:\/\/ibmueller.com\/en\/wp-json\/wp\/v2\/comments?post=646"}],"version-history":[{"count":28,"href":"https:\/\/ibmueller.com\/en\/wp-json\/wp\/v2\/pages\/646\/revisions"}],"predecessor-version":[{"id":1413,"href":"https:\/\/ibmueller.com\/en\/wp-json\/wp\/v2\/pages\/646\/revisions\/1413"}],"wp:attachment":[{"href":"https:\/\/ibmueller.com\/en\/wp-json\/wp\/v2\/media?parent=646"}],"curies":[{"name":"wp","href":"https:\/\/api.w.org\/{rel}","templated":true}]}}