{"id":24,"date":"2016-06-02T15:08:05","date_gmt":"2016-06-02T13:08:05","guid":{"rendered":"http:\/\/ibmueller.com\/?page_id=24"},"modified":"2019-08-19T15:45:35","modified_gmt":"2019-08-19T13:45:35","slug":"produkte","status":"publish","type":"page","link":"https:\/\/ibmueller.com\/en\/produkte\/","title":{"rendered":"Produkte"},"content":{"rendered":"<div id=\"pl-24\"  class=\"panel-layout\" ><div id=\"pg-24-0\"  class=\"panel-grid panel-no-style\" ><div id=\"pgc-24-0-0\"  class=\"panel-grid-cell\" ><div id=\"panel-24-0-0-0\" class=\"so-panel widget widget_sow-image panel-first-child\" data-index=\"0\" ><div class=\"so-widget-sow-image so-widget-sow-image-default-17bc2272b535-24\">\n\n<div class=\"sow-image-container\">\n\t\t<img src=\"https:\/\/ibmueller.com\/wp-content\/uploads\/2016\/06\/fotolia_83022272.jpg\" width=\"500\" height=\"334\" srcset=\"https:\/\/ibmueller.com\/wp-content\/uploads\/2016\/06\/fotolia_83022272.jpg 500w, https:\/\/ibmueller.com\/wp-content\/uploads\/2016\/06\/fotolia_83022272-300x200.jpg 300w, https:\/\/ibmueller.com\/wp-content\/uploads\/2016\/06\/fotolia_83022272-272x182.jpg 272w\" sizes=\"(max-width: 500px) 100vw, 500px\" alt=\"\" loading=\"lazy\" \t\tclass=\"so-widget-image\"\/>\n\t<\/div>\n\n<\/div><\/div><div id=\"panel-24-0-0-1\" class=\"so-panel widget widget_toggles panel-last-child\" data-index=\"1\" ><div class=\"so-widget-toggles so-widget-toggles-toggles-style-1f348b096067-24\">\r\n\r\n\r\n\r\n<div class=\"soua-main\">\r\n        <div class=\"soua-accordion\">\r\n        <a class=\"soua-accordion-title \">\r\n        <div class=\" left_b  bg \">\r\n        \r\n        \t\r\n                <div class=\"soua-accordion-icon-left\">\r\n        <span class=\"sow-icon-fontawesome sow-far\" data-sow-icon=\"&#xf07c;\"\n\t\t ><\/span>        <\/div>\r\n    \t    \t\r\n        HighTech-Systeme\r\n        \r\n    \t<\/div>\r\n        <\/a>\r\n        <div class=\"soua-accordion-content\"  style=\"padding: 15px\"; > <p>Pr\u00fcfst\u00e4nde f\u00fcr Rotationssysteme<br \/> &gt; f\u00fcr Elektromobilit\u00e4t<br \/> &gt; f\u00fcr Schwungradsysteme<br \/> &gt; f\u00fcr Berstversuche<br \/> &gt; f\u00fcr Schleuderversuche<\/p><p>Pr\u00fcfst\u00e4nde, je nach Rotordurchmesser<br \/> und Anforderungen:<br \/> Drehzahlen<br \/> ab 12.000 [1\/min]<\/p><p>Hochdrehzahl-Pr\u00fcfst\u00e4nde,<br \/> je nach Rotordurchmesser<br \/> und Anforderungen:<br \/> auf Anfrage<\/p><p>Berstschutz und Berstschutzsysteme<br \/> je nach Kundenanforderungen<\/p><\/div>\r\n    <\/div>\r\n    <\/div><!-- \/ accordion -->\r\n\r\n<\/div><\/div><\/div><div id=\"pgc-24-0-1\"  class=\"panel-grid-cell\" ><div id=\"panel-24-0-1-0\" class=\"so-panel widget widget_sow-image panel-first-child\" data-index=\"2\" ><div class=\"so-widget-sow-image so-widget-sow-image-default-17bc2272b535-24\">\n\n<div class=\"sow-image-container\">\n\t\t<img src=\"https:\/\/ibmueller.com\/wp-content\/uploads\/2017\/06\/Fotolia_136283864_XS-e1496847408407.jpg\" width=\"422\" height=\"282\" srcset=\"https:\/\/ibmueller.com\/wp-content\/uploads\/2017\/06\/Fotolia_136283864_XS-e1496847408407.jpg 422w, https:\/\/ibmueller.com\/wp-content\/uploads\/2017\/06\/Fotolia_136283864_XS-e1496847408407-300x200.jpg 300w, https:\/\/ibmueller.com\/wp-content\/uploads\/2017\/06\/Fotolia_136283864_XS-e1496847408407-272x182.jpg 272w\" sizes=\"(max-width: 422px) 100vw, 422px\" title=\"young it engeneer business man with thin modern aluminium laptop in network server room\" alt=\"\" loading=\"lazy\" \t\tclass=\"so-widget-image\"\/>\n\t<\/div>\n\n<\/div><\/div><div id=\"panel-24-0-1-1\" class=\"so-panel widget widget_toggles panel-last-child\" data-index=\"3\" ><div class=\"so-widget-toggles so-widget-toggles-toggles-style-1f348b096067-24\">\r\n\r\n\r\n\r\n<div class=\"soua-main\">\r\n        <div class=\"soua-accordion\">\r\n        <a class=\"soua-accordion-title \">\r\n        <div class=\" left_b  bg \">\r\n        \r\n        \t\r\n                <div class=\"soua-accordion-icon-left\">\r\n        <span class=\"sow-icon-fontawesome sow-far\" data-sow-icon=\"&#xf07c;\"\n\t\t ><\/span>        <\/div>\r\n    \t    \t\r\n        Industrie 4.0\r\n        \r\n    \t<\/div>\r\n        <\/a>\r\n        <div class=\"soua-accordion-content\"  style=\"padding: 15px\"; > <p>&gt; Datenanalyse<br \/> &gt; A\/D Wandlung<br \/> &gt; Hardwareumsetzung<br \/> &gt; integrierte Bus-Systeme<\/p><p>\u00a0<\/p><\/div>\r\n    <\/div>\r\n    <\/div><!-- \/ accordion -->\r\n\r\n<\/div><\/div><\/div><div id=\"pgc-24-0-2\"  class=\"panel-grid-cell\" ><div id=\"panel-24-0-2-0\" class=\"so-panel widget widget_sow-image panel-first-child\" data-index=\"4\" ><div class=\"so-widget-sow-image so-widget-sow-image-default-e17c88a107a0-24\">\n\n<div class=\"sow-image-container\">\n\t\t<img src=\"https:\/\/ibmueller.com\/wp-content\/uploads\/2017\/06\/Fotolia_136150996_XS-e1496847548233.jpg\" width=\"381\" height=\"254\" srcset=\"https:\/\/ibmueller.com\/wp-content\/uploads\/2017\/06\/Fotolia_136150996_XS-e1496847548233.jpg 381w, https:\/\/ibmueller.com\/wp-content\/uploads\/2017\/06\/Fotolia_136150996_XS-e1496847548233-300x200.jpg 300w, https:\/\/ibmueller.com\/wp-content\/uploads\/2017\/06\/Fotolia_136150996_XS-e1496847548233-272x182.jpg 272w\" sizes=\"(max-width: 381px) 100vw, 381px\" title=\"Businessman on blurred background connecting worlds to icons and applications software 3D rendering\" alt=\"\" loading=\"lazy\" \t\tclass=\"so-widget-image\"\/>\n\t<\/div>\n\n<\/div><\/div><div id=\"panel-24-0-2-1\" class=\"so-panel widget widget_toggles panel-last-child\" data-index=\"5\" ><div class=\"so-widget-toggles so-widget-toggles-toggles-style-1f348b096067-24\">\r\n\r\n\r\n\r\n<div class=\"soua-main\">\r\n        <div class=\"soua-accordion\">\r\n        <a class=\"soua-accordion-title \">\r\n        <div class=\" left_b  bg \">\r\n        \r\n        \t\r\n                <div class=\"soua-accordion-icon-left\">\r\n        <span class=\"sow-icon-fontawesome sow-far\" data-sow-icon=\"&#xf07c;\"\n\t\t ><\/span>        <\/div>\r\n    \t    \t\r\n        Apps\r\n        \r\n    \t<\/div>\r\n        <\/a>\r\n        <div class=\"soua-accordion-content\"  style=\"padding: 15px\"; > <p>&gt; APP-Erstellung in Android und iOS<br \/> &gt; Mobilfunkintegration<br \/> &gt; Integration von GPS und GNSS<br \/> &gt; Server- und Datenbankintegration<br \/> &gt; in Verbindung mit Internet- und <br \/>\u00a0\u00a0\u00a0 Intranetanwendungen<\/p>\n<\/div>\r\n    <\/div>\r\n    <\/div><!-- \/ accordion -->\r\n\r\n<\/div><\/div><\/div><\/div><div id=\"pg-24-1\"  class=\"panel-grid panel-no-style\" ><div id=\"pgc-24-1-0\"  class=\"panel-grid-cell panel-grid-cell-empty\" ><\/div><div id=\"pgc-24-1-1\"  class=\"panel-grid-cell panel-grid-cell-empty panel-grid-cell-mobile-last\" ><\/div><div id=\"pgc-24-1-2\"  class=\"panel-grid-cell panel-grid-cell-empty\" ><\/div><\/div><\/div>","protected":false},"excerpt":{"rendered":"<p>HighTech-Systeme Pr\u00fcfst\u00e4nde f\u00fcr Rotationssysteme &gt; f\u00fcr Elektromobilit\u00e4t &gt; f\u00fcr Schwungradsysteme &gt; f\u00fcr Berstversuche &gt; f\u00fcr SchleuderversuchePr\u00fcfst\u00e4nde, je nach Rotordurchmesser und Anforderungen: Drehzahlen ab 12.000 [1\/min]Hochdrehzahl-Pr\u00fcfst\u00e4nde, je nach Rotordurchmesser und Anforderungen: auf AnfrageBerstschutz und Berstschutzsysteme je nach Kundenanforderungen Industrie 4.0 &gt; Datenanalyse &gt; A\/D Wandlung [&hellip;]<\/p>\n","protected":false},"author":1,"featured_media":0,"parent":0,"menu_order":0,"comment_status":"closed","ping_status":"closed","template":"","meta":[],"_links":{"self":[{"href":"https:\/\/ibmueller.com\/en\/wp-json\/wp\/v2\/pages\/24"}],"collection":[{"href":"https:\/\/ibmueller.com\/en\/wp-json\/wp\/v2\/pages"}],"about":[{"href":"https:\/\/ibmueller.com\/en\/wp-json\/wp\/v2\/types\/page"}],"author":[{"embeddable":true,"href":"https:\/\/ibmueller.com\/en\/wp-json\/wp\/v2\/users\/1"}],"replies":[{"embeddable":true,"href":"https:\/\/ibmueller.com\/en\/wp-json\/wp\/v2\/comments?post=24"}],"version-history":[{"count":154,"href":"https:\/\/ibmueller.com\/en\/wp-json\/wp\/v2\/pages\/24\/revisions"}],"predecessor-version":[{"id":1384,"href":"https:\/\/ibmueller.com\/en\/wp-json\/wp\/v2\/pages\/24\/revisions\/1384"}],"wp:attachment":[{"href":"https:\/\/ibmueller.com\/en\/wp-json\/wp\/v2\/media?parent=24"}],"curies":[{"name":"wp","href":"https:\/\/api.w.org\/{rel}","templated":true}]}}